{"id":55,"date":"2017-01-14T15:02:03","date_gmt":"2017-01-14T14:02:03","guid":{"rendered":"http:\/\/motamaux.net\/?page_id=55"},"modified":"2022-05-24T12:35:54","modified_gmt":"2022-05-24T10:35:54","slug":"qui-suis-je","status":"publish","type":"page","link":"https:\/\/motamaux.net\/index.php\/qui-suis-je\/","title":{"rendered":"Qui Suis-Je"},"content":{"rendered":"<p>[et_pb_section fb_built=\u00a0\u00bb1&Prime; prev_background_color=\u00a0\u00bb#ffffff\u00a0\u00bb admin_label=\u00a0\u00bbAbout Me\u00a0\u00bb _builder_version=\u00a0\u00bb4.17.4&Prime; _module_preset=\u00a0\u00bbdefault\u00a0\u00bb background_color=\u00a0\u00bb#fafafa\u00a0\u00bb custom_padding=\u00a0\u00bb100px|0px|54px|0px|false|false\u00a0\u00bb top_divider_style=\u00a0\u00bbcurve\u00a0\u00bb top_divider_height=\u00a0\u00bb6vw\u00a0\u00bb top_divider_flip=\u00a0\u00bbvertical\u00a0\u00bb bottom_divider_style=\u00a0\u00bbcurve\u00a0\u00bb bottom_divider_color=\u00a0\u00bb#FFFFFF\u00a0\u00bb bottom_divider_repeat=\u00a0\u00bb1x\u00a0\u00bb global_colors_info=\u00a0\u00bb{%22gcid-1f197ad2-ac6b-4417-bfec-4693b4430fe2%22:%91%22bottom_divider_color%22%93}\u00a0\u00bb][et_pb_row column_structure=\u00a0\u00bb1_2,1_2&Prime; _builder_version=\u00a0\u00bb4.16&Prime; _module_preset=\u00a0\u00bbdefault\u00a0\u00bb global_colors_info=\u00a0\u00bb{}\u00a0\u00bb][et_pb_column type=\u00a0\u00bb1_2&Prime; _builder_version=\u00a0\u00bb4.16&Prime; _module_preset=\u00a0\u00bbdefault\u00a0\u00bb custom_padding=\u00a0\u00bb|||\u00a0\u00bb global_colors_info=\u00a0\u00bb{}\u00a0\u00bb custom_padding__hover=\u00a0\u00bb|||\u00a0\u00bb][et_pb_text _builder_version=\u00a0\u00bb4.16&Prime; _module_preset=\u00a0\u00bbdefault\u00a0\u00bb text_font=\u00a0\u00bb||||||||\u00a0\u00bb text_line_height=\u00a0\u00bb2em\u00a0\u00bb header_font=\u00a0\u00bb||||||||\u00a0\u00bb header_2_font=\u00a0\u00bbMerriweather|700|||||||\u00a0\u00bb header_2_font_size=\u00a0\u00bb36px\u00a0\u00bb header_2_line_height=\u00a0\u00bb1.6em\u00a0\u00bb header_3_font=\u00a0\u00bbMerriweather|700|||||||\u00a0\u00bb header_3_text_color=\u00a0\u00bb#ffc47c\u00a0\u00bb header_3_font_size=\u00a0\u00bb18px\u00a0\u00bb header_3_line_height=\u00a0\u00bb1.8em\u00a0\u00bb header_2_font_size_tablet=\u00a0\u00bb\u00a0\u00bb header_2_font_size_phone=\u00a0\u00bb20px\u00a0\u00bb header_2_font_size_last_edited=\u00a0\u00bbon|phone\u00a0\u00bb header_3_font_size_tablet=\u00a0\u00bb\u00a0\u00bb header_3_font_size_phone=\u00a0\u00bb14px\u00a0\u00bb header_3_font_size_last_edited=\u00a0\u00bbon|phone\u00a0\u00bb locked=\u00a0\u00bboff\u00a0\u00bb global_colors_info=\u00a0\u00bb{}\u00a0\u00bb]<\/p>\n<h2>Qui Suis-Je ?<\/h2>\n<h3><span style=\"color: #d67368;\">Julie LE BELLER &#8211; Psycho-\u00e9nerg\u00e9ticienne<\/span><\/h3>\n<p>A 30\u00a0ans, j&rsquo;ai \u00e9t\u00e9 confront\u00e9e \u00e0 l&rsquo;infertilit\u00e9 \u00ab\u00a0inexpliqu\u00e9e\u00a0\u00bb.<\/p>\n<p>Dans le cadre de l&rsquo;AMP (Assistance M\u00e9dicale \u00e0 la Procr\u00e9ation), j&rsquo;ai re\u00e7u des traitements m\u00e9dicaux pendant plusieurs mois, sans r\u00e9sultat.<\/p>\n<p>Durant ce parcours, j&rsquo;ai pris conscience du principe de somatisation et que \u00ab\u00a0quelque chose\u00a0\u00bb m&#8217;emp\u00eachait de donner la vie.<\/p>\n<p>Je me suis alors tourn\u00e9e vers d&rsquo;autres techniques de soins, plus proche de ma philosophie et je me suis initi\u00e9e au REIKI. D\u00e9s lors, ma passion des \u00e9nergies du corps ne m&rsquo;a plus quitt\u00e9e.<\/p>\n<p>[\/et_pb_text][\/et_pb_column][et_pb_column type=\u00a0\u00bb1_2&Prime; _builder_version=\u00a0\u00bb4.16&Prime; _module_preset=\u00a0\u00bbdefault\u00a0\u00bb custom_padding=\u00a0\u00bb|||\u00a0\u00bb global_colors_info=\u00a0\u00bb{}\u00a0\u00bb custom_padding__hover=\u00a0\u00bb|||\u00a0\u00bb][et_pb_image src=\u00a0\u00bbhttp:\/\/motamaux.net\/wp-content\/uploads\/2022\/05\/278566062_1617288005304818_6342601344368297503_n.jpg\u00a0\u00bb title_text=\u00a0\u00bb278566062_1617288005304818_6342601344368297503_n\u00a0\u00bb align=\u00a0\u00bbcenter\u00a0\u00bb align_tablet=\u00a0\u00bbcenter\u00a0\u00bb align_phone=\u00a0\u00bbcenter\u00a0\u00bb align_last_edited=\u00a0\u00bbon|desktop\u00a0\u00bb _builder_version=\u00a0\u00bb4.17.4&Prime; _module_preset=\u00a0\u00bbdefault\u00a0\u00bb background_image=\u00a0\u00bbhttp:\/\/motamaux.net\/wp-content\/uploads\/2022\/05\/nutritionist-02.png\u00a0\u00bb background_size=\u00a0\u00bbcontain\u00a0\u00bb animation_style=\u00a0\u00bbzoom\u00a0\u00bb animation_intensity_zoom=\u00a0\u00bb10%\u00a0\u00bb border_radii=\u00a0\u00bbon|1000px|1000px|1000px|1000px\u00a0\u00bb box_shadow_style=\u00a0\u00bbpreset1&Prime; box_shadow_vertical=\u00a0\u00bb10px\u00a0\u00bb box_shadow_blur=\u00a0\u00bb60px\u00a0\u00bb box_shadow_color=\u00a0\u00bbrgba(1,33,92,0.1)\u00a0\u00bb animation=\u00a0\u00bbtop\u00a0\u00bb global_colors_info=\u00a0\u00bb{}\u00a0\u00bb][\/et_pb_image][\/et_pb_column][\/et_pb_row][et_pb_row column_structure=\u00a0\u00bb1_2,1_2&Prime; _builder_version=\u00a0\u00bb4.17.4&Prime; _module_preset=\u00a0\u00bbdefault\u00a0\u00bb global_colors_info=\u00a0\u00bb{}\u00a0\u00bb][et_pb_column type=\u00a0\u00bb1_2&Prime; _builder_version=\u00a0\u00bb4.16&Prime; _module_preset=\u00a0\u00bbdefault\u00a0\u00bb custom_padding=\u00a0\u00bb|||\u00a0\u00bb global_colors_info=\u00a0\u00bb{}\u00a0\u00bb custom_padding__hover=\u00a0\u00bb|||\u00a0\u00bb][et_pb_image src=\u00a0\u00bbhttp:\/\/motamaux.net\/wp-content\/uploads\/2022\/05\/117531400_1178070742559882_3486049886437037124_n-1.jpg\u00a0\u00bb title_text=\u00a0\u00bb117531400_1178070742559882_3486049886437037124_n\u00a0\u00bb align=\u00a0\u00bbcenter\u00a0\u00bb align_tablet=\u00a0\u00bbcenter\u00a0\u00bb align_phone=\u00a0\u00bbcenter\u00a0\u00bb align_last_edited=\u00a0\u00bbon|desktop\u00a0\u00bb _builder_version=\u00a0\u00bb4.17.4&Prime; _module_preset=\u00a0\u00bbdefault\u00a0\u00bb background_image=\u00a0\u00bbhttp:\/\/motamaux.net\/wp-content\/uploads\/2022\/05\/nutritionist-02.png\u00a0\u00bb background_size=\u00a0\u00bbcontain\u00a0\u00bb animation_style=\u00a0\u00bbzoom\u00a0\u00bb animation_intensity_zoom=\u00a0\u00bb10%\u00a0\u00bb hover_enabled=\u00a0\u00bb0&Prime; border_radii=\u00a0\u00bbon|1000px|1000px|1000px|1000px\u00a0\u00bb box_shadow_style=\u00a0\u00bbpreset1&Prime; box_shadow_vertical=\u00a0\u00bb10px\u00a0\u00bb box_shadow_blur=\u00a0\u00bb60px\u00a0\u00bb box_shadow_color=\u00a0\u00bbrgba(1,33,92,0.1)\u00a0\u00bb animation=\u00a0\u00bbtop\u00a0\u00bb global_colors_info=\u00a0\u00bb{}\u00a0\u00bb sticky_enabled=\u00a0\u00bb0&Prime;][\/et_pb_image][\/et_pb_column][et_pb_column type=\u00a0\u00bb1_2&Prime; _builder_version=\u00a0\u00bb4.17.4&Prime; _module_preset=\u00a0\u00bbdefault\u00a0\u00bb global_colors_info=\u00a0\u00bb{}\u00a0\u00bb][et_pb_text _builder_version=\u00a0\u00bb4.17.4&Prime; _module_preset=\u00a0\u00bbdefault\u00a0\u00bb text_font=\u00a0\u00bb||||||||\u00a0\u00bb text_line_height=\u00a0\u00bb2em\u00a0\u00bb header_font=\u00a0\u00bb||||||||\u00a0\u00bb header_2_font=\u00a0\u00bbMerriweather|700|||||||\u00a0\u00bb header_2_font_size=\u00a0\u00bb36px\u00a0\u00bb header_2_line_height=\u00a0\u00bb1.6em\u00a0\u00bb header_3_font=\u00a0\u00bbMerriweather|700|||||||\u00a0\u00bb header_3_text_color=\u00a0\u00bb#ffc47c\u00a0\u00bb header_3_font_size=\u00a0\u00bb18px\u00a0\u00bb header_3_line_height=\u00a0\u00bb1.8em\u00a0\u00bb hover_enabled=\u00a0\u00bb0&Prime; header_2_font_size_tablet=\u00a0\u00bb\u00a0\u00bb header_2_font_size_phone=\u00a0\u00bb20px\u00a0\u00bb header_2_font_size_last_edited=\u00a0\u00bbon|phone\u00a0\u00bb header_3_font_size_tablet=\u00a0\u00bb\u00a0\u00bb header_3_font_size_phone=\u00a0\u00bb14px\u00a0\u00bb header_3_font_size_last_edited=\u00a0\u00bbon|phone\u00a0\u00bb locked=\u00a0\u00bboff\u00a0\u00bb global_colors_info=\u00a0\u00bb{}\u00a0\u00bb sticky_enabled=\u00a0\u00bb0&Prime;]<\/p>\n<p>Ma\u00eetre REIKI USUI et initi\u00e9e au REIKI KARUNA, je me suis \u00e9galement form\u00e9e aupr\u00e8s de l\u2019\u00e9cole IPSEPHAE, pour devenir psychopraticienne, pour comprendre l\u2019Humain (philosophie, psychologie) et int\u00e9grer diff\u00e9rents outils th\u00e9rapeutiques, notamment la psychog\u00e9n\u00e9alogie et les Constellations Familiales.<\/p>\n<p>Pendant plus de 10 ans, \u00a0j&rsquo;ai beaucoup appris et je continue d&rsquo;int\u00e9grer, de progresser.<br \/>Mes enfants sont arriv\u00e9s lors de toutes ces d\u00e9couvertes et apprentissages, \u00e0 mon plus grand bonheur !<\/p>\n<p>Riche de toutes mes exp\u00e9riences, j\u2019accompagne tous ceux et celles qui sont en recherche de d\u00e9veloppement personnel et\/ou rencontrent des difficult\u00e9s d\u2019ordre physique, \u00e9motionnel, relationnel.<\/p>\n<p>[\/et_pb_text][\/et_pb_column][\/et_pb_row][\/et_pb_section][et_pb_section fb_built=\u00a0\u00bb1&Prime; admin_label=\u00a0\u00bbTestimonials\u00a0\u00bb _builder_version=\u00a0\u00bb4.17.4&Prime; _module_preset=\u00a0\u00bbdefault\u00a0\u00bb background_color=\u00a0\u00bbgcid-1f197ad2-ac6b-4417-bfec-4693b4430fe2&Prime; background_enable_image=\u00a0\u00bboff\u00a0\u00bb background_size=\u00a0\u00bbcontain\u00a0\u00bb background_position=\u00a0\u00bbtop_right\u00a0\u00bb custom_padding=\u00a0\u00bb0vw||54px||false|false\u00a0\u00bb global_colors_info=\u00a0\u00bb{%22gcid-1f197ad2-ac6b-4417-bfec-4693b4430fe2%22:%91%22background_color%22%93}\u00a0\u00bb][et_pb_row _builder_version=\u00a0\u00bb4.16&Prime; _module_preset=\u00a0\u00bbdefault\u00a0\u00bb custom_padding=\u00a0\u00bb50px|0px|50px|0px|true|false\u00a0\u00bb border_width_all=\u00a0\u00bb1px\u00a0\u00bb border_color_all=\u00a0\u00bb#dfe4f3&Prime; border_width_right=\u00a0\u00bb0px\u00a0\u00bb border_width_left=\u00a0\u00bb0px\u00a0\u00bb global_colors_info=\u00a0\u00bb{}\u00a0\u00bb][et_pb_column type=\u00a0\u00bb4_4&Prime; _builder_version=\u00a0\u00bb4.16&Prime; _module_preset=\u00a0\u00bbdefault\u00a0\u00bb custom_padding=\u00a0\u00bb|||\u00a0\u00bb global_colors_info=\u00a0\u00bb{}\u00a0\u00bb custom_padding__hover=\u00a0\u00bb|||\u00a0\u00bb][et_pb_text _builder_version=\u00a0\u00bb4.16&Prime; _module_preset=\u00a0\u00bbdefault\u00a0\u00bb text_font=\u00a0\u00bbMerriweather||on||||||\u00a0\u00bb text_text_color=\u00a0\u00bb#000000&Prime; text_font_size=\u00a0\u00bb20px\u00a0\u00bb text_line_height=\u00a0\u00bb2em\u00a0\u00bb text_orientation=\u00a0\u00bbcenter\u00a0\u00bb max_width=\u00a0\u00bb800px\u00a0\u00bb module_alignment=\u00a0\u00bbcenter\u00a0\u00bb custom_margin=\u00a0\u00bb||0px|\u00a0\u00bb custom_padding=\u00a0\u00bb||39px|||\u00a0\u00bb global_colors_info=\u00a0\u00bb{}\u00a0\u00bb]<\/p>\n<p>Julie est vraiment une douce personne, bienveillante et soucieuse de vous emmener vers le chemin qui vous convient. Gr\u00e2ce \u00e0 son professionnalisme, ses comp\u00e9tences et ses exp\u00e9riences, Julie a v\u00e9ritablement \u00e9t\u00e9 une pr\u00e9cieuse aide pour g\u00e9rer mes blessures \u00e9motionnelles, \u00eatre \u00e0 l&rsquo;\u00e9coute de mon corps, mieux me conna\u00eetre et me sentir enfin bien. Les s\u00e9ances de travail sont intenses, impressionnantes mais r\u00e9ellement b\u00e9n\u00e9fiques ! Quelle excellente rencontre que je n&rsquo;oublierai jamais<br \/>Oui, Julie, encore MERCI MERCI MERCI<\/p>\n<p>[\/et_pb_text][et_pb_testimonial author=\u00a0\u00bbVal\u00e9rie G.\u00a0\u00bb company_name=\u00a0\u00bbLe 11\/12\/2020&Prime; portrait_url=\u00a0\u00bbhttp:\/\/motamaux.net\/wp-content\/uploads\/2022\/05\/star-300&#215;300.png\u00a0\u00bb portrait_width=\u00a0\u00bb60px\u00a0\u00bb portrait_height=\u00a0\u00bb60px\u00a0\u00bb use_icon_font_size=\u00a0\u00bbon\u00a0\u00bb icon_font_size=\u00a0\u00bb21px\u00a0\u00bb _builder_version=\u00a0\u00bb4.17.4&Prime; _module_preset=\u00a0\u00bbdefault\u00a0\u00bb body_font=\u00a0\u00bb||||||||\u00a0\u00bb body_line_height=\u00a0\u00bb2em\u00a0\u00bb use_background_color=\u00a0\u00bboff\u00a0\u00bb max_width=\u00a0\u00bb250px\u00a0\u00bb module_alignment=\u00a0\u00bbcenter\u00a0\u00bb border_radii_portrait=\u00a0\u00bbon|0px|0px|0px|0px\u00a0\u00bb box_shadow_style_image=\u00a0\u00bbpreset1&Prime; box_shadow_vertical_image=\u00a0\u00bb10px\u00a0\u00bb box_shadow_blur_image=\u00a0\u00bb60px\u00a0\u00bb box_shadow_color_image=\u00a0\u00bbrgba(1,33,92,0.1)\u00a0\u00bb global_colors_info=\u00a0\u00bb{}\u00a0\u00bb][\/et_pb_testimonial][\/et_pb_column][\/et_pb_row][\/et_pb_section][et_pb_section fb_built=\u00a0\u00bb1&Prime; _builder_version=\u00a0\u00bb4.17.4&Prime; _module_preset=\u00a0\u00bbdefault\u00a0\u00bb custom_padding=\u00a0\u00bb0px|||||\u00a0\u00bb bottom_divider_style=\u00a0\u00bbwave\u00a0\u00bb bottom_divider_color=\u00a0\u00bbgcid-72051474-7b13-4ab1-a04b-8a014b6b3244&Prime; bottom_divider_height=\u00a0\u00bb58px\u00a0\u00bb bottom_divider_repeat=\u00a0\u00bb1x\u00a0\u00bb locked=\u00a0\u00bboff\u00a0\u00bb global_colors_info=\u00a0\u00bb{%22gcid-72051474-7b13-4ab1-a04b-8a014b6b3244%22:%91%22bottom_divider_color%22%93}\u00a0\u00bb][et_pb_row _builder_version=\u00a0\u00bb4.17.4&Prime; _module_preset=\u00a0\u00bbdefault\u00a0\u00bb global_colors_info=\u00a0\u00bb{}\u00a0\u00bb][et_pb_column type=\u00a0\u00bb4_4&Prime; _builder_version=\u00a0\u00bb4.17.4&Prime; _module_preset=\u00a0\u00bbdefault\u00a0\u00bb global_colors_info=\u00a0\u00bb{}\u00a0\u00bb][\/et_pb_column][\/et_pb_row][\/et_pb_section]<\/p>\n","protected":false},"excerpt":{"rendered":"<p>Qui Suis-Je ? Julie LE BELLER &#8211; Psycho-\u00e9nerg\u00e9ticienne A 30\u00a0ans, j&rsquo;ai \u00e9t\u00e9 confront\u00e9e \u00e0 l&rsquo;infertilit\u00e9 \u00ab\u00a0inexpliqu\u00e9e\u00a0\u00bb. Dans le cadre de l&rsquo;AMP (Assistance M\u00e9dicale \u00e0 la Procr\u00e9ation), j&rsquo;ai re\u00e7u des traitements m\u00e9dicaux pendant plusieurs mois, sans r\u00e9sultat. Durant ce parcours, j&rsquo;ai pris conscience du principe de somatisation et que \u00ab\u00a0quelque chose\u00a0\u00bb m&#8217;emp\u00eachait de donner la vie. [&hellip;]<\/p>\n","protected":false},"author":1,"featured_media":68,"parent":0,"menu_order":0,"comment_status":"closed","ping_status":"closed","template":"","meta":{"_et_pb_use_builder":"on","_et_pb_old_content":"<p style=\"text-align: justify;\"><span style=\"color: #993300;\">A 30\u00a0ans, j'ai \u00e9t\u00e9 confront\u00e9e \u00e0 l'infertilit\u00e9 \"inexpliqu\u00e9e\".<\/span><\/p>\n<p style=\"text-align: justify;\"><span style=\"color: #993300;\">Dans le cadre de l'AMP (Assistance M\u00e9dicale \u00e0 la Procr\u00e9ation), j'ai re\u00e7u des traitements m\u00e9dicaux pendant plusieurs mois, sans r\u00e9sultat.<\/span><\/p>\n<p style=\"text-align: justify;\"><span style=\"color: #993300;\">Durant ce parcours, j'ai pris conscience du principe de somatisation et que \"quelque chose\" m'emp\u00eachait de donner la vie.<\/span><\/p>\n<p style=\"text-align: justify;\"><span style=\"color: #993300;\">Je me suis alors tourn\u00e9e vers d'autres techniques de soins, plus proche de ma philosophie et je me suis initi\u00e9e au REIKI. D\u00e9s lors, ma passion des \u00e9nergies du corps ne m'a plus quitt\u00e9e.<\/span><\/p>\n<p style=\"text-align: left;\"><strong>Ma\u00eetre REIKI U<img class=\"wp-image-72 alignleft\" src=\"http:\/\/motamaux.net\/wp-content\/uploads\/2017\/01\/photo-julie-225x300.jpg\" width=\"157\" height=\"209\" \/>SUI<\/strong><span style=\"color: #993300;\"> et initi\u00e9e au REIKI KARUNA, je me suis \u00e9galement form\u00e9e aupr\u00e8s de l\u2019<\/span>\u00e9cole IPSEPHAE*<span style=\"color: #993300;\">, pour devenir <\/span><strong>psycho-praticienne<\/strong><span style=\"color: #993300;\">, pour comprendre l\u2019Humain (philosophie, psychologie) et int\u00e9grer diff\u00e9rents outils th\u00e9rapeutiques, notamment la Psychog\u00e9n\u00e9alogie et les Constellations Familiales.<\/span><\/p>\n<span style=\"color: #993300;\">\u00a0<\/span>\n\n<span style=\"color: #993300;\">Pendant plus de 10 ans, \u00a0j'ai beaucoup appris et je continue d'int\u00e9grer, de progresser.<\/span>\n\n<img class=\"alignnone size-full wp-image-74 alignright\" src=\"http:\/\/motamaux.net\/wp-content\/uploads\/2017\/01\/image-contellation-familiale-2.jpg\" alt=\"\" width=\"133\" height=\"136\" \/>\n<span style=\"color: #993300;\"> Mes enfants sont arriv\u00e9s lors de toutes ces d\u00e9couvertes et apprentissages, \u00e0 mon plus grand bonheur !<\/span>\n<p style=\"text-align: justify;\"><span style=\"color: #993300;\">Riche de toutes mes exp\u00e9riences, j\u2019accompagne tous ceux et celles qui sont en recherche de d\u00e9veloppement personnel et\/ou rencontrent des difficult\u00e9s d\u2019ordre physique, \u00e9motionnel, relationnel.<\/span><\/p>\n<p style=\"text-align: justify;\"><span style=\"color: #993300;\">Les s\u00e9ances s'adressent \u00e0 toutes les personnes (hommes, femmes, enfants, sans condition d'\u00e2ge, de religion, de connaissance et de culture) d\u00e9sirant am\u00e9liorer leur fonctionnement physique, mental et \u00e9motionnel.<\/span><\/p>\n<p style=\"text-align: center;\">Julie LE BELLER - Psycho-\u00e9nerg\u00e9ticienne<\/p>\n<p style=\"text-align: center;\">06.08.53.36.33<\/p>","_et_gb_content_width":"","_monsterinsights_skip_tracking":false,"_monsterinsights_sitenote_active":false,"_monsterinsights_sitenote_note":"","_monsterinsights_sitenote_category":0,"footnotes":""},"_links":{"self":[{"href":"https:\/\/motamaux.net\/index.php\/wp-json\/wp\/v2\/pages\/55"}],"collection":[{"href":"https:\/\/motamaux.net\/index.php\/wp-json\/wp\/v2\/pages"}],"about":[{"href":"https:\/\/motamaux.net\/index.php\/wp-json\/wp\/v2\/types\/page"}],"author":[{"embeddable":true,"href":"https:\/\/motamaux.net\/index.php\/wp-json\/wp\/v2\/users\/1"}],"replies":[{"embeddable":true,"href":"https:\/\/motamaux.net\/index.php\/wp-json\/wp\/v2\/comments?post=55"}],"version-history":[{"count":21,"href":"https:\/\/motamaux.net\/index.php\/wp-json\/wp\/v2\/pages\/55\/revisions"}],"predecessor-version":[{"id":237485,"href":"https:\/\/motamaux.net\/index.php\/wp-json\/wp\/v2\/pages\/55\/revisions\/237485"}],"wp:featuredmedia":[{"embeddable":true,"href":"https:\/\/motamaux.net\/index.php\/wp-json\/wp\/v2\/media\/68"}],"wp:attachment":[{"href":"https:\/\/motamaux.net\/index.php\/wp-json\/wp\/v2\/media?parent=55"}],"curies":[{"name":"wp","href":"https:\/\/api.w.org\/{rel}","templated":true}]}}