{"id":237652,"date":"2022-11-22T11:15:09","date_gmt":"2022-11-22T10:15:09","guid":{"rendered":"https:\/\/motamaux.net\/?page_id=237652"},"modified":"2023-01-21T10:25:13","modified_gmt":"2023-01-21T09:25:13","slug":"formation-lahochi","status":"publish","type":"page","link":"https:\/\/motamaux.net\/index.php\/formation-lahochi\/","title":{"rendered":"Initiation Lahochi"},"content":{"rendered":"<p>[et_pb_section fb_built=\u00a0\u00bb1&Prime; prev_background_color=\u00a0\u00bb#ffffff\u00a0\u00bb admin_label=\u00a0\u00bbHeader\u00a0\u00bb _builder_version=\u00a0\u00bb4.17.4&Prime; _module_preset=\u00a0\u00bbdefault\u00a0\u00bb background_color=\u00a0\u00bb#334d5c\u00a0\u00bb background_image=\u00a0\u00bbhttp:\/\/motamaux.net\/wp-content\/uploads\/2022\/05\/Sans-titre-3.png\u00a0\u00bb min_height=\u00a0\u00bb473.7px\u00a0\u00bb custom_margin=\u00a0\u00bb||57px||false|\u00a0\u00bb custom_padding=\u00a0\u00bb0vw||0vw||true|false\u00a0\u00bb top_divider_style=\u00a0\u00bbwave\u00a0\u00bb top_divider_height=\u00a0\u00bb51px\u00a0\u00bb top_divider_repeat=\u00a0\u00bb1x\u00a0\u00bb top_divider_flip=\u00a0\u00bbhorizontal|vertical\u00a0\u00bb bottom_divider_style=\u00a0\u00bbcurve\u00a0\u00bb bottom_divider_color=\u00a0\u00bb#FFFFFF\u00a0\u00bb bottom_divider_height=\u00a0\u00bb6vw\u00a0\u00bb locked=\u00a0\u00bboff\u00a0\u00bb global_colors_info=\u00a0\u00bb{}\u00a0\u00bb][et_pb_row _builder_version=\u00a0\u00bb4.17.4&Prime; _module_preset=\u00a0\u00bbdefault\u00a0\u00bb background_enable_image=\u00a0\u00bboff\u00a0\u00bb background_size=\u00a0\u00bbcontain\u00a0\u00bb custom_padding=\u00a0\u00bb0px||31px|||\u00a0\u00bb animation_style=\u00a0\u00bbzoom\u00a0\u00bb animation_intensity_zoom=\u00a0\u00bb10%\u00a0\u00bb global_colors_info=\u00a0\u00bb{}\u00a0\u00bb][et_pb_column type=\u00a0\u00bb4_4&Prime; _builder_version=\u00a0\u00bb4.16&Prime; _module_preset=\u00a0\u00bbdefault\u00a0\u00bb custom_padding=\u00a0\u00bb|||\u00a0\u00bb global_colors_info=\u00a0\u00bb{}\u00a0\u00bb custom_padding__hover=\u00a0\u00bb|||\u00a0\u00bb][et_pb_image src=\u00a0\u00bbhttp:\/\/motamaux.net\/wp-content\/uploads\/2022\/05\/variante-logo-mot-a-maux.png\u00a0\u00bb title_text=\u00a0\u00bbvariante logo mot a maux\u00a0\u00bb align=\u00a0\u00bbcenter\u00a0\u00bb align_tablet=\u00a0\u00bbcenter\u00a0\u00bb align_phone=\u00a0\u00bb\u00a0\u00bb align_last_edited=\u00a0\u00bbon|desktop\u00a0\u00bb _builder_version=\u00a0\u00bb4.17.4&Prime; _module_preset=\u00a0\u00bbdefault\u00a0\u00bb max_width=\u00a0\u00bb250px\u00a0\u00bb min_height=\u00a0\u00bb214px\u00a0\u00bb custom_padding=\u00a0\u00bb||0px|||\u00a0\u00bb animation_style=\u00a0\u00bbslide\u00a0\u00bb animation_direction=\u00a0\u00bbbottom\u00a0\u00bb global_colors_info=\u00a0\u00bb{}\u00a0\u00bb][\/et_pb_image][et_pb_text _builder_version=\u00a0\u00bb4.16&Prime; _module_preset=\u00a0\u00bbdefault\u00a0\u00bb text_font=\u00a0\u00bb||||||||\u00a0\u00bb header_font=\u00a0\u00bbMontserrat|500||on|||||\u00a0\u00bb header_font_size=\u00a0\u00bb18px\u00a0\u00bb header_letter_spacing=\u00a0\u00bb5px\u00a0\u00bb header_line_height=\u00a0\u00bb1.5em\u00a0\u00bb header_2_font=\u00a0\u00bbMerriweather|||on|||||\u00a0\u00bb header_2_font_size=\u00a0\u00bb70px\u00a0\u00bb header_2_letter_spacing=\u00a0\u00bb5px\u00a0\u00bb header_2_line_height=\u00a0\u00bb1.4em\u00a0\u00bb text_orientation=\u00a0\u00bbcenter\u00a0\u00bb background_layout=\u00a0\u00bbdark\u00a0\u00bb custom_padding=\u00a0\u00bb||0px|||\u00a0\u00bb header_font_size_tablet=\u00a0\u00bb\u00a0\u00bb header_font_size_phone=\u00a0\u00bb12px\u00a0\u00bb header_font_size_last_edited=\u00a0\u00bbon|desktop\u00a0\u00bb header_2_font_size_tablet=\u00a0\u00bb50px\u00a0\u00bb header_2_font_size_phone=\u00a0\u00bb30px\u00a0\u00bb header_2_font_size_last_edited=\u00a0\u00bbon|desktop\u00a0\u00bb global_colors_info=\u00a0\u00bb{}\u00a0\u00bb]<\/p>\n<h2>Initiation<br \/>LAHOCHI<\/h2>\n<p>[\/et_pb_text][\/et_pb_column][\/et_pb_row][\/et_pb_section][et_pb_section fb_built=\u00a0\u00bb1&Prime; admin_label=\u00a0\u00bbsection\u00a0\u00bb _builder_version=\u00a0\u00bb4.16&Prime; global_colors_info=\u00a0\u00bb{}\u00a0\u00bb][et_pb_row _builder_version=\u00a0\u00bb4.17.4&Prime; _module_preset=\u00a0\u00bbdefault\u00a0\u00bb locked=\u00a0\u00bboff\u00a0\u00bb global_colors_info=\u00a0\u00bb{}\u00a0\u00bb][et_pb_column type=\u00a0\u00bb4_4&Prime; _builder_version=\u00a0\u00bb4.17.4&Prime; _module_preset=\u00a0\u00bbdefault\u00a0\u00bb custom_padding=\u00a0\u00bb|||\u00a0\u00bb global_colors_info=\u00a0\u00bb{}\u00a0\u00bb custom_padding__hover=\u00a0\u00bb|||\u00a0\u00bb][et_pb_text _builder_version=\u00a0\u00bb4.17.4&Prime; _module_preset=\u00a0\u00bbdefault\u00a0\u00bb text_font=\u00a0\u00bb||||||||\u00a0\u00bb text_line_height=\u00a0\u00bb2em\u00a0\u00bb header_font=\u00a0\u00bb||||||||\u00a0\u00bb header_text_color=\u00a0\u00bb#E02B20&Prime; header_2_font=\u00a0\u00bbMerriweather|700|||||||\u00a0\u00bb header_2_font_size=\u00a0\u00bb36px\u00a0\u00bb header_2_line_height=\u00a0\u00bb1.6em\u00a0\u00bb header_3_font=\u00a0\u00bbMerriweather|700|||||||\u00a0\u00bb header_3_text_color=\u00a0\u00bbgcid-72051474-7b13-4ab1-a04b-8a014b6b3244&Prime; header_3_font_size=\u00a0\u00bb18px\u00a0\u00bb header_3_line_height=\u00a0\u00bb1.8em\u00a0\u00bb text_orientation=\u00a0\u00bbcenter\u00a0\u00bb header_2_font_size_tablet=\u00a0\u00bb\u00a0\u00bb header_2_font_size_phone=\u00a0\u00bb20px\u00a0\u00bb header_2_font_size_last_edited=\u00a0\u00bbon|phone\u00a0\u00bb header_3_font_size_tablet=\u00a0\u00bb\u00a0\u00bb header_3_font_size_phone=\u00a0\u00bb14px\u00a0\u00bb header_3_font_size_last_edited=\u00a0\u00bbon|phone\u00a0\u00bb locked=\u00a0\u00bboff\u00a0\u00bb global_colors_info=\u00a0\u00bb{%22gcid-72051474-7b13-4ab1-a04b-8a014b6b3244%22:%91%22header_3_text_color%22%93}\u00a0\u00bb]<\/p>\n<h2>Le LAHOCHI<\/h2>\n<h3>Pour les traumatismes du corps \u00e9motionnel<\/h3>\n<p>[\/et_pb_text][et_pb_image src=\u00a0\u00bbhttp:\/\/motamaux.net\/wp-content\/uploads\/2022\/12\/mandala.png\u00a0\u00bb title_text=\u00a0\u00bbmandala\u00a0\u00bb align=\u00a0\u00bbcenter\u00a0\u00bb _builder_version=\u00a0\u00bb4.18.0&Prime; _module_preset=\u00a0\u00bbdefault\u00a0\u00bb width=\u00a0\u00bb15%\u00a0\u00bb max_width=\u00a0\u00bb15%\u00a0\u00bb module_alignment=\u00a0\u00bbcenter\u00a0\u00bb locked=\u00a0\u00bboff\u00a0\u00bb global_colors_info=\u00a0\u00bb{}\u00a0\u00bb][\/et_pb_image][et_pb_text _builder_version=\u00a0\u00bb4.17.4&Prime; _module_preset=\u00a0\u00bbdefault\u00a0\u00bb global_colors_info=\u00a0\u00bb{}\u00a0\u00bb]<\/p>\n<p>Le Lahochi est une technique \u00e9nerg\u00e9tique de soins tr\u00e8s puissante transmise par l\u2019apposition des mains. Elle apporte, par ce biais, une tr\u00e8s haute fr\u00e9quence de la Lumi\u00e8re.<\/p>\n<p>Accessible \u00e0 tous, la fa\u00e7on de canaliser cette \u00e9nergie et d\u2019imposer les mains pour transmettre l\u2019\u00e9nergie de Lumi\u00e8re\/Amour est fondamentalement diff\u00e9rente du Reiki Usui.<\/p>\n<p>LaHoChi signifie :<br \/>Le son \u00bb La \u00bb dans LaHoChi fait r\u00e9f\u00e9rence \u00e0 la lumi\u00e8re, l\u2019amour et la sagesse venant des fr\u00e9quences de la Lumi\u00e8re les plus \u00e9lev\u00e9es,<br \/>Le son \u00bb Ho \u00bb fait r\u00e9f\u00e9rence au mouvement de cette \u00e9nergie,<br \/>Le son \u00bb Chi \u00bb est la force de vie, \u00e0 l&rsquo;\u00e9nergie universelle de vie<br \/>(qui se prononce lah hoe chee) est une \u00e9nergie spirituelle aux fr\u00e9quences vibratoires tr\u00e8s \u00e9lev\u00e9es. Elle permet d\u2019acc\u00e9der \u00e0 une plus grande compr\u00e9hension et utilisation de l\u2019Energie Universelle de Vie pour soi-m\u00eame et pour aider les autres, dans le respect du libre-arbitre de chacun.<\/p>\n<p>Le Lahochi peut-\u00eatre utilis\u00e9 seul ou en compl\u00e9ment d\u2019autres syst\u00e8mes de soins.<\/p>\n<p>Par cons\u00e9quent, Lahochi est l\u2019une des plus hautes fr\u00e9quences de lumi\u00e8re de gu\u00e9rison actuellement transmise qui, associ\u00e9e aux intentions du monde spirituel et des \u00eatres humains, permet \u00e0 l\u2019\u00e9nergie de se d\u00e9placer partout o\u00f9 elle a besoin d\u2019aller. Elle peut \u00eatre utilis\u00e9e pour le soin de la terre, des humains, des animaux et des plantes.<\/p>\n<p>[\/et_pb_text][\/et_pb_column][\/et_pb_row][\/et_pb_section][et_pb_section fb_built=\u00a0\u00bb1&Prime; prev_background_color=\u00a0\u00bb#ffffff\u00a0\u00bb next_background_color=\u00a0\u00bb#ffffff\u00a0\u00bb _builder_version=\u00a0\u00bb4.18.0&Prime; _module_preset=\u00a0\u00bbdefault\u00a0\u00bb background_enable_color=\u00a0\u00bboff\u00a0\u00bb background_image=\u00a0\u00bbhttp:\/\/motamaux.net\/wp-content\/uploads\/2022\/11\/pexels-life-of-pix-7643-scaled.jpg\u00a0\u00bb background_blend=\u00a0\u00bbmultiply\u00a0\u00bb top_divider_style=\u00a0\u00bbwave\u00a0\u00bb bottom_divider_style=\u00a0\u00bbwave\u00a0\u00bb bottom_divider_height=\u00a0\u00bb69px\u00a0\u00bb global_colors_info=\u00a0\u00bb{%22gcid-72051474-7b13-4ab1-a04b-8a014b6b3244%22:%91%22background_color%22%93}\u00a0\u00bb][et_pb_row _builder_version=\u00a0\u00bb4.17.4&Prime; _module_preset=\u00a0\u00bbdefault\u00a0\u00bb background_enable_color=\u00a0\u00bboff\u00a0\u00bb locked=\u00a0\u00bboff\u00a0\u00bb global_colors_info=\u00a0\u00bb{}\u00a0\u00bb][et_pb_column type=\u00a0\u00bb4_4&Prime; _builder_version=\u00a0\u00bb4.17.4&Prime; _module_preset=\u00a0\u00bbdefault\u00a0\u00bb background_color=\u00a0\u00bbRGBA(255,255,255,0)\u00a0\u00bb custom_padding=\u00a0\u00bb|||\u00a0\u00bb global_colors_info=\u00a0\u00bb{}\u00a0\u00bb custom_padding__hover=\u00a0\u00bb|||\u00a0\u00bb][et_pb_toggle title=\u00a0\u00bbPourquoi s\u2019initier ?\u00a0\u00bb open_toggle_background_color=\u00a0\u00bb#ffffff\u00a0\u00bb closed_toggle_background_color=\u00a0\u00bb#ffffff\u00a0\u00bb icon_color=\u00a0\u00bb#15c39a\u00a0\u00bb open_icon_color=\u00a0\u00bb#15c39a\u00a0\u00bb _builder_version=\u00a0\u00bb4.17.4&Prime; _module_preset=\u00a0\u00bbdefault\u00a0\u00bb title_text_color=\u00a0\u00bb#000000&Prime; title_font=\u00a0\u00bb|700||on|||||\u00a0\u00bb title_font_size=\u00a0\u00bb19px\u00a0\u00bb title_letter_spacing=\u00a0\u00bb1px\u00a0\u00bb title_line_height=\u00a0\u00bb2em\u00a0\u00bb text_orientation=\u00a0\u00bbcenter\u00a0\u00bb custom_padding=\u00a0\u00bb24px||24px||true\u00a0\u00bb animation_style=\u00a0\u00bbzoom\u00a0\u00bb animation_intensity_zoom=\u00a0\u00bb10%\u00a0\u00bb border_radii=\u00a0\u00bbon|10px|10px|10px|10px\u00a0\u00bb border_width_all=\u00a0\u00bb0px\u00a0\u00bb box_shadow_style=\u00a0\u00bbpreset1&Prime; box_shadow_vertical=\u00a0\u00bb10px\u00a0\u00bb box_shadow_blur=\u00a0\u00bb60px\u00a0\u00bb box_shadow_color=\u00a0\u00bbrgba(1,33,92,0.1)\u00a0\u00bb global_colors_info=\u00a0\u00bb{}\u00a0\u00bb]<\/p>\n<p>Pour vous : L\u2019Auto-traitement est un outil tr\u00e8s puissant qui permet d\u2019int\u00e9grer les diff\u00e9rentes informations re\u00e7ues lors de l\u2019initiation et d\u2019amener la gu\u00e9rison profonde en vous-m\u00eame.<\/p>\n<p>Pour pratiquer des soins : Les traitements Lahochi peuvent \u00eatre transmis en s\u00e9ance en direct ou \u00e0 distance.<\/p>\n<p>[\/et_pb_toggle][et_pb_toggle title=\u00a0\u00bbQuels sont les effets du LAHOCHI ?\u00a0\u00bb open_toggle_background_color=\u00a0\u00bb#ffffff\u00a0\u00bb closed_toggle_background_color=\u00a0\u00bb#ffffff\u00a0\u00bb icon_color=\u00a0\u00bb#15c39a\u00a0\u00bb open_icon_color=\u00a0\u00bb#15c39a\u00a0\u00bb _builder_version=\u00a0\u00bb4.17.4&Prime; _module_preset=\u00a0\u00bbdefault\u00a0\u00bb title_text_color=\u00a0\u00bb#000000&Prime; title_font=\u00a0\u00bb|700||on|||||\u00a0\u00bb title_font_size=\u00a0\u00bb19px\u00a0\u00bb title_letter_spacing=\u00a0\u00bb1px\u00a0\u00bb title_line_height=\u00a0\u00bb2em\u00a0\u00bb text_orientation=\u00a0\u00bbcenter\u00a0\u00bb custom_padding=\u00a0\u00bb24px||24px||true\u00a0\u00bb animation_style=\u00a0\u00bbzoom\u00a0\u00bb animation_intensity_zoom=\u00a0\u00bb10%\u00a0\u00bb border_radii=\u00a0\u00bbon|10px|10px|10px|10px\u00a0\u00bb border_width_all=\u00a0\u00bb0px\u00a0\u00bb box_shadow_style=\u00a0\u00bbpreset1&Prime; box_shadow_vertical=\u00a0\u00bb10px\u00a0\u00bb box_shadow_blur=\u00a0\u00bb60px\u00a0\u00bb box_shadow_color=\u00a0\u00bbrgba(1,33,92,0.1)\u00a0\u00bb global_colors_info=\u00a0\u00bb{}\u00a0\u00bb]<\/p>\n<ul>\n<li style=\"text-align: left;\">Le Lahochi ouvre les 21 centres d\u2019\u00e9nergie du corps ou le syst\u00e8me d\u2019anatomie des m\u00e9ridiens.<\/li>\n<li style=\"text-align: left;\">retisse le champs d\u2019\u00e9nergie en r\u00e9parant les br\u00e8ches, les d\u00e9chirures et les r\u00e9gions endommag\u00e9es par une vari\u00e9t\u00e9 d\u2019influence incluant une naissance difficile, une op\u00e9ration chirurgicale, la radiation, la drogue, les accidents, les blessures anciennes et pr\u00e9sentes de la vie, tous les types de traumatismes, les intoxications environnementales, les programmations n\u00e9gatives et les tendances g\u00e9n\u00e9tiques,<\/li>\n<li style=\"text-align: left;\">introduit des vibrations de couleurs et de sons,<\/li>\n<li style=\"text-align: left;\">am\u00e9liore, dans le champ \u00e9th\u00e9rique du corps, un traitement tel que l\u2019acupuncture par exemple,<\/li>\n<li style=\"text-align: left;\">Le Lahochi charge de vibrations les essences florales et min\u00e9rales,<br \/>\u00e9quilibre la circulation du fluide cr\u00e2nien dans le cerveau et \u00e9quilibre le syst\u00e8me c\u00e9r\u00e9bro-spinal,<\/li>\n<li style=\"text-align: left;\">ouvre les blocages dans les corps d\u2019\u00e9nergies subtiles,<\/li>\n<li style=\"text-align: left;\">ouvre et nettoie le syst\u00e8me des chakras,<br \/>r\u00e9aligne la structure du corps tel un syst\u00e8me de grille multidimensionnelle qui maintient le corps dans son int\u00e9grit\u00e9,<\/li>\n<li style=\"text-align: left;\">d\u00e9gage les blocages \u00e9lectriques dans l\u2019\u00e9nergie du corps, semblables \u00e0 un r\u00e9seau de liens entre la m\u00e9moire cellulaire et le corps physique, afin que l\u2019information puisse passer librement,<\/li>\n<li style=\"text-align: left;\">\u00e9largit le champ d\u2019\u00e9nergie,<br \/>place la m\u00e9moire divine dans la couche externe du champ \u00e9nerg\u00e9tique qui transmettra la m\u00e9moire divine au corps entier,<\/li>\n<li style=\"text-align: left;\">place la m\u00e9moire divine dans le champ \u00e9th\u00e9rique dans le but de gu\u00e9rir les d\u00e9s\u00e9quilibres,<\/li>\n<li style=\"text-align: left;\">active le corps de lumi\u00e8re,<\/li>\n<li style=\"text-align: left;\">acc\u00e9l\u00e8re la gu\u00e9rison et les dons spirituels,<\/li>\n<li style=\"text-align: left;\">assiste \u00e0 atteindre les plus hauts \u00e9tats de m\u00e9ditation ou de conscience possible pour chaque personne dans le moment pr\u00e9sent.<\/li>\n<\/ul>\n<p>[\/et_pb_toggle][et_pb_toggle title=\u00a0\u00bbLe Lahochi, pour les traumatismes du corps \u00e9motionnel\u00a0\u00bb open_toggle_background_color=\u00a0\u00bb#ffffff\u00a0\u00bb closed_toggle_background_color=\u00a0\u00bb#ffffff\u00a0\u00bb icon_color=\u00a0\u00bb#15c39a\u00a0\u00bb open_icon_color=\u00a0\u00bb#15c39a\u00a0\u00bb _builder_version=\u00a0\u00bb4.17.4&Prime; _module_preset=\u00a0\u00bbdefault\u00a0\u00bb title_text_color=\u00a0\u00bb#000000&Prime; title_font=\u00a0\u00bb|700||on|||||\u00a0\u00bb title_font_size=\u00a0\u00bb19px\u00a0\u00bb title_letter_spacing=\u00a0\u00bb1px\u00a0\u00bb title_line_height=\u00a0\u00bb2em\u00a0\u00bb text_orientation=\u00a0\u00bbcenter\u00a0\u00bb custom_padding=\u00a0\u00bb24px||24px||true\u00a0\u00bb animation_style=\u00a0\u00bbzoom\u00a0\u00bb animation_intensity_zoom=\u00a0\u00bb10%\u00a0\u00bb border_radii=\u00a0\u00bbon|10px|10px|10px|10px\u00a0\u00bb border_width_all=\u00a0\u00bb0px\u00a0\u00bb box_shadow_style=\u00a0\u00bbpreset1&Prime; box_shadow_vertical=\u00a0\u00bb10px\u00a0\u00bb box_shadow_blur=\u00a0\u00bb60px\u00a0\u00bb box_shadow_color=\u00a0\u00bbrgba(1,33,92,0.1)\u00a0\u00bb global_colors_info=\u00a0\u00bb{}\u00a0\u00bb]<\/p>\n<ul style=\"text-align: left;\">\n<ul>\n<ul>Les bienfaits des Soins \u00c9nerg\u00e9tiques Lahochi sont multiples. Il restructure et \u00e9quilibre les corps subtils de l\u2019\u00catre, tout particuli\u00e8rement lorsqu\u2019il y a eu un traumatisme dans le corps \u00e9motionnel. Il ouvre et nettoie le syst\u00e8me des chakras, ouvre les 21 centres d\u2019\u00c9nergie du corps. Il introduit des vibrations de couleur et de sant\u00e9. C\u2019est une technique utile dans le cadre de :<\/ul>\n<\/ul>\n<li style=\"text-align: left;\"><span style=\"font-size: 14px;\">Naissance difficile<\/span><\/li>\n<li style=\"text-align: left;\"><span style=\"font-size: 14px;\">Op\u00e9ration chirurgicale<\/span><\/li>\n<li style=\"text-align: left;\"><span style=\"font-size: 14px;\">Irradiation<\/span><\/li>\n<li style=\"text-align: left;\"><span style=\"font-size: 14px;\">Scanner<\/span><\/li>\n<li style=\"text-align: left;\"><span style=\"font-size: 14px;\">Accidents<\/span><\/li>\n<li style=\"text-align: left;\"><span style=\"font-size: 14px;\">Blessures anciennes de la vie<\/span><\/li>\n<li style=\"text-align: left;\"><span style=\"font-size: 14px;\">Lors d\u2019intoxications<\/span><\/li>\n<\/ul>\n<p style=\"text-align: left;\">\u00a0<\/p>\n<p>[\/et_pb_toggle][et_pb_toggle title=\u00a0\u00bbLe Lahochi agit sur\u00a0\u00bb open_toggle_background_color=\u00a0\u00bb#ffffff\u00a0\u00bb closed_toggle_background_color=\u00a0\u00bb#ffffff\u00a0\u00bb icon_color=\u00a0\u00bb#15c39a\u00a0\u00bb open_icon_color=\u00a0\u00bb#15c39a\u00a0\u00bb _builder_version=\u00a0\u00bb4.18.0&Prime; _module_preset=\u00a0\u00bbdefault\u00a0\u00bb title_text_color=\u00a0\u00bb#000000&Prime; title_font=\u00a0\u00bb|700||on|||||\u00a0\u00bb title_font_size=\u00a0\u00bb19px\u00a0\u00bb title_letter_spacing=\u00a0\u00bb1px\u00a0\u00bb title_line_height=\u00a0\u00bb2em\u00a0\u00bb text_orientation=\u00a0\u00bbcenter\u00a0\u00bb custom_padding=\u00a0\u00bb24px||24px||true\u00a0\u00bb animation_style=\u00a0\u00bbzoom\u00a0\u00bb animation_intensity_zoom=\u00a0\u00bb10%\u00a0\u00bb border_radii=\u00a0\u00bbon|10px|10px|10px|10px\u00a0\u00bb border_width_all=\u00a0\u00bb0px\u00a0\u00bb box_shadow_style=\u00a0\u00bbpreset1&Prime; box_shadow_vertical=\u00a0\u00bb10px\u00a0\u00bb box_shadow_blur=\u00a0\u00bb60px\u00a0\u00bb box_shadow_color=\u00a0\u00bbrgba(1,33,92,0.1)\u00a0\u00bb global_colors_info=\u00a0\u00bb{}\u00a0\u00bb]<\/p>\n<ul>\n<li style=\"text-align: left;\">Les peurs<\/li>\n<li style=\"text-align: left;\">Les blocages<\/li>\n<li style=\"text-align: left;\">Le mal-\u00eatre<\/li>\n<li style=\"text-align: left;\">Le stress<\/li>\n<li style=\"text-align: left;\">L\u2019anxi\u00e9t\u00e9<\/li>\n<\/ul>\n<p>[\/et_pb_toggle][et_pb_toggle title=\u00a0\u00bbLe Lahochi\u00a0\u00bb open_toggle_background_color=\u00a0\u00bb#ffffff\u00a0\u00bb closed_toggle_background_color=\u00a0\u00bb#ffffff\u00a0\u00bb icon_color=\u00a0\u00bb#15c39a\u00a0\u00bb open_icon_color=\u00a0\u00bb#15c39a\u00a0\u00bb _builder_version=\u00a0\u00bb4.18.0&Prime; _module_preset=\u00a0\u00bbdefault\u00a0\u00bb title_text_color=\u00a0\u00bb#000000&Prime; title_font=\u00a0\u00bb|700||on|||||\u00a0\u00bb title_font_size=\u00a0\u00bb19px\u00a0\u00bb title_letter_spacing=\u00a0\u00bb1px\u00a0\u00bb title_line_height=\u00a0\u00bb2em\u00a0\u00bb text_orientation=\u00a0\u00bbcenter\u00a0\u00bb custom_padding=\u00a0\u00bb24px||24px||true\u00a0\u00bb animation_style=\u00a0\u00bbzoom\u00a0\u00bb animation_intensity_zoom=\u00a0\u00bb10%\u00a0\u00bb border_radii=\u00a0\u00bbon|10px|10px|10px|10px\u00a0\u00bb border_width_all=\u00a0\u00bb0px\u00a0\u00bb box_shadow_style=\u00a0\u00bbpreset1&Prime; box_shadow_vertical=\u00a0\u00bb10px\u00a0\u00bb box_shadow_blur=\u00a0\u00bb60px\u00a0\u00bb box_shadow_color=\u00a0\u00bbrgba(1,33,92,0.1)\u00a0\u00bb global_colors_info=\u00a0\u00bb{}\u00a0\u00bb]<\/p>\n<ul>\n<li style=\"text-align: left;\">Minimise la douleur<\/li>\n<li style=\"text-align: left;\">Revitalise le corps<\/li>\n<li style=\"text-align: left;\">Revitalise l\u2019esprit<\/li>\n<li style=\"text-align: left;\">\u00c9quilibre les \u00e9nergies subtiles du corps<\/li>\n<li style=\"text-align: left;\">Aide \u00e0 \u00e9liminer les toxines<\/li>\n<li style=\"text-align: left;\">Augmente les taux vibratoires \u00e9nerg\u00e9tiques<\/li>\n<li style=\"text-align: left;\">D\u00e9noue les blocages \u00e9lectriques dans l\u2019\u00e9nergie du corps entre la m\u00e9moire cellulaire et le corps physique<\/li>\n<li style=\"text-align: left;\">En cas d\u2019addictions, le Lahochi aide la personne \u00e0 \u00eatre plus d\u00e9tendue<\/li>\n<li style=\"text-align: left;\">Accompagne en cas de stress \u00e9motionnel : s\u00e9paration, deuil, perte d\u2019emploi\u2026<\/li>\n<\/ul>\n<p>[\/et_pb_toggle][\/et_pb_column][\/et_pb_row][\/et_pb_section][et_pb_section fb_built=\u00a0\u00bb1&Prime; _builder_version=\u00a0\u00bb4.17.4&Prime; _module_preset=\u00a0\u00bbdefault\u00a0\u00bb custom_padding=\u00a0\u00bb0px||27px|||\u00a0\u00bb global_colors_info=\u00a0\u00bb{}\u00a0\u00bb][et_pb_row custom_padding_last_edited=\u00a0\u00bbon|phone\u00a0\u00bb _builder_version=\u00a0\u00bb4.17.4&Prime; _module_preset=\u00a0\u00bbdefault\u00a0\u00bb background_enable_image=\u00a0\u00bboff\u00a0\u00bb background_size=\u00a0\u00bbcontain\u00a0\u00bb background_position=\u00a0\u00bbtop_left\u00a0\u00bb width=\u00a0\u00bb100%\u00a0\u00bb max_width=\u00a0\u00bb100%\u00a0\u00bb custom_padding=\u00a0\u00bb25px|110px|25px|110px|true|true\u00a0\u00bb custom_padding_tablet=\u00a0\u00bb|90px||90px|false|true\u00a0\u00bb custom_padding_phone=\u00a0\u00bb|60px||60px||true\u00a0\u00bb use_custom_width=\u00a0\u00bbon\u00a0\u00bb width_unit=\u00a0\u00bboff\u00a0\u00bb custom_width_percent=\u00a0\u00bb100%\u00a0\u00bb locked=\u00a0\u00bboff\u00a0\u00bb global_colors_info=\u00a0\u00bb{}\u00a0\u00bb][et_pb_column type=\u00a0\u00bb4_4&Prime; _builder_version=\u00a0\u00bb4.16&Prime; _module_preset=\u00a0\u00bbdefault\u00a0\u00bb custom_padding=\u00a0\u00bb|||\u00a0\u00bb global_colors_info=\u00a0\u00bb{}\u00a0\u00bb custom_padding__hover=\u00a0\u00bb|||\u00a0\u00bb][et_pb_button button_url=\u00a0\u00bb@ET-DC@eyJkeW5hbWljIjp0cnVlLCJjb250ZW50IjoicG9zdF9saW5rX3VybF9wYWdlIiwic2V0dGluZ3MiOnsicG9zdF9pZCI6IjkifX0=@\u00a0\u00bb button_text=\u00a0\u00bbMe Contacter\u00a0\u00bb button_alignment=\u00a0\u00bbcenter\u00a0\u00bb admin_label=\u00a0\u00bbButton\u00a0\u00bb _builder_version=\u00a0\u00bb4.17.4&Prime; _dynamic_attributes=\u00a0\u00bbbutton_url\u00a0\u00bb custom_button=\u00a0\u00bbon\u00a0\u00bb button_text_size=\u00a0\u00bb16&Prime; button_text_color=\u00a0\u00bb#ffffff\u00a0\u00bb button_bg_color=\u00a0\u00bb#30c2a2&Prime; button_border_width=\u00a0\u00bb4&Prime; button_border_color=\u00a0\u00bb#30c2a2&Prime; button_border_radius=\u00a0\u00bb4&Prime; button_letter_spacing=\u00a0\u00bb1.4&Prime; button_font=\u00a0\u00bbSource Sans Pro|on|||\u00a0\u00bb custom_margin=\u00a0\u00bb||15px|||\u00a0\u00bb button_letter_spacing_tablet=\u00a0\u00bb1&Prime; button_letter_spacing_hover=\u00a0\u00bb0&Prime; locked=\u00a0\u00bboff\u00a0\u00bb global_colors_info=\u00a0\u00bb{}\u00a0\u00bb button_text_size__hover_enabled=\u00a0\u00bboff\u00a0\u00bb button_one_text_size__hover_enabled=\u00a0\u00bboff\u00a0\u00bb button_two_text_size__hover_enabled=\u00a0\u00bboff\u00a0\u00bb button_text_color__hover_enabled=\u00a0\u00bboff\u00a0\u00bb button_one_text_color__hover_enabled=\u00a0\u00bboff\u00a0\u00bb button_two_text_color__hover_enabled=\u00a0\u00bboff\u00a0\u00bb button_border_width__hover_enabled=\u00a0\u00bboff\u00a0\u00bb button_one_border_width__hover_enabled=\u00a0\u00bboff\u00a0\u00bb button_two_border_width__hover_enabled=\u00a0\u00bboff\u00a0\u00bb button_border_color__hover_enabled=\u00a0\u00bboff\u00a0\u00bb button_one_border_color__hover_enabled=\u00a0\u00bboff\u00a0\u00bb button_two_border_color__hover_enabled=\u00a0\u00bboff\u00a0\u00bb button_border_radius__hover_enabled=\u00a0\u00bboff\u00a0\u00bb button_one_border_radius__hover_enabled=\u00a0\u00bboff\u00a0\u00bb button_two_border_radius__hover_enabled=\u00a0\u00bboff\u00a0\u00bb button_letter_spacing__hover_enabled=\u00a0\u00bbon\u00a0\u00bb button_letter_spacing__hover=\u00a0\u00bb0&Prime; button_one_letter_spacing__hover_enabled=\u00a0\u00bboff\u00a0\u00bb button_two_letter_spacing__hover_enabled=\u00a0\u00bboff\u00a0\u00bb button_bg_color__hover_enabled=\u00a0\u00bboff\u00a0\u00bb button_one_bg_color__hover_enabled=\u00a0\u00bboff\u00a0\u00bb button_two_bg_color__hover_enabled=\u00a0\u00bboff\u00a0\u00bb][\/et_pb_button][\/et_pb_column][\/et_pb_row][\/et_pb_section][et_pb_section fb_built=\u00a0\u00bb1&Prime; _builder_version=\u00a0\u00bb4.17.4&Prime; _module_preset=\u00a0\u00bbdefault\u00a0\u00bb bottom_divider_style=\u00a0\u00bbwave\u00a0\u00bb bottom_divider_color=\u00a0\u00bbgcid-72051474-7b13-4ab1-a04b-8a014b6b3244&Prime; bottom_divider_height=\u00a0\u00bb58px\u00a0\u00bb bottom_divider_repeat=\u00a0\u00bb1x\u00a0\u00bb global_colors_info=\u00a0\u00bb{%22gcid-72051474-7b13-4ab1-a04b-8a014b6b3244%22:%91%22bottom_divider_color%22%93}\u00a0\u00bb][\/et_pb_section]<\/p>\n","protected":false},"excerpt":{"rendered":"<p>InitiationLAHOCHILe LAHOCHI Pour les traumatismes du corps \u00e9motionnelLe Lahochi est une technique \u00e9nerg\u00e9tique de soins tr\u00e8s puissante transmise par l\u2019apposition des mains. Elle apporte, par ce biais, une tr\u00e8s haute fr\u00e9quence de la Lumi\u00e8re.Accessible \u00e0 tous, la fa\u00e7on de canaliser cette \u00e9nergie et d\u2019imposer les mains pour transmettre l\u2019\u00e9nergie de Lumi\u00e8re\/Amour est fondamentalement diff\u00e9rente du [&hellip;]<\/p>\n","protected":false},"author":1,"featured_media":0,"parent":0,"menu_order":0,"comment_status":"closed","ping_status":"closed","template":"","meta":{"_et_pb_use_builder":"on","_et_pb_old_content":"","_et_gb_content_width":"","_monsterinsights_skip_tracking":false,"_monsterinsights_sitenote_active":false,"_monsterinsights_sitenote_note":"","_monsterinsights_sitenote_category":0,"footnotes":""},"_links":{"self":[{"href":"https:\/\/motamaux.net\/index.php\/wp-json\/wp\/v2\/pages\/237652"}],"collection":[{"href":"https:\/\/motamaux.net\/index.php\/wp-json\/wp\/v2\/pages"}],"about":[{"href":"https:\/\/motamaux.net\/index.php\/wp-json\/wp\/v2\/types\/page"}],"author":[{"embeddable":true,"href":"https:\/\/motamaux.net\/index.php\/wp-json\/wp\/v2\/users\/1"}],"replies":[{"embeddable":true,"href":"https:\/\/motamaux.net\/index.php\/wp-json\/wp\/v2\/comments?post=237652"}],"version-history":[{"count":11,"href":"https:\/\/motamaux.net\/index.php\/wp-json\/wp\/v2\/pages\/237652\/revisions"}],"predecessor-version":[{"id":237705,"href":"https:\/\/motamaux.net\/index.php\/wp-json\/wp\/v2\/pages\/237652\/revisions\/237705"}],"wp:attachment":[{"href":"https:\/\/motamaux.net\/index.php\/wp-json\/wp\/v2\/media?parent=237652"}],"curies":[{"name":"wp","href":"https:\/\/api.w.org\/{rel}","templated":true}]}}