{"id":237401,"date":"2022-05-22T10:40:17","date_gmt":"2022-05-22T08:40:17","guid":{"rendered":"https:\/\/motamaux.net\/?page_id=237401"},"modified":"2022-05-22T10:44:43","modified_gmt":"2022-05-22T08:44:43","slug":"237401-2","status":"publish","type":"page","link":"https:\/\/motamaux.net\/index.php\/237401-2\/","title":{"rendered":"Podcast"},"content":{"rendered":"<p>[et_pb_section fb_built=\u00a0\u00bb1&Prime; prev_background_color=\u00a0\u00bb#ffffff\u00a0\u00bb admin_label=\u00a0\u00bbAbout Me\u00a0\u00bb _builder_version=\u00a0\u00bb4.17.4&Prime; _module_preset=\u00a0\u00bbdefault\u00a0\u00bb background_color=\u00a0\u00bb#fafafa\u00a0\u00bb custom_padding=\u00a0\u00bb100px|0px|54px|0px|false|false\u00a0\u00bb top_divider_style=\u00a0\u00bbcurve\u00a0\u00bb top_divider_height=\u00a0\u00bb6vw\u00a0\u00bb top_divider_flip=\u00a0\u00bbvertical\u00a0\u00bb bottom_divider_style=\u00a0\u00bbcurve\u00a0\u00bb bottom_divider_color=\u00a0\u00bb#FFFFFF\u00a0\u00bb bottom_divider_repeat=\u00a0\u00bb1x\u00a0\u00bb global_colors_info=\u00a0\u00bb{%22gcid-1f197ad2-ac6b-4417-bfec-4693b4430fe2%22:%91%22bottom_divider_color%22%93}\u00a0\u00bb][et_pb_row column_structure=\u00a0\u00bb1_2,1_2&Prime; _builder_version=\u00a0\u00bb4.16&Prime; _module_preset=\u00a0\u00bbdefault\u00a0\u00bb global_colors_info=\u00a0\u00bb{}\u00a0\u00bb][et_pb_column type=\u00a0\u00bb1_2&Prime; _builder_version=\u00a0\u00bb4.16&Prime; _module_preset=\u00a0\u00bbdefault\u00a0\u00bb custom_padding=\u00a0\u00bb|||\u00a0\u00bb global_colors_info=\u00a0\u00bb{}\u00a0\u00bb custom_padding__hover=\u00a0\u00bb|||\u00a0\u00bb][et_pb_text _builder_version=\u00a0\u00bb4.16&Prime; _module_preset=\u00a0\u00bbdefault\u00a0\u00bb text_font=\u00a0\u00bb||||||||\u00a0\u00bb text_line_height=\u00a0\u00bb2em\u00a0\u00bb header_font=\u00a0\u00bb||||||||\u00a0\u00bb header_2_font=\u00a0\u00bbMerriweather|700|||||||\u00a0\u00bb header_2_font_size=\u00a0\u00bb36px\u00a0\u00bb header_2_line_height=\u00a0\u00bb1.6em\u00a0\u00bb header_3_font=\u00a0\u00bbMerriweather|700|||||||\u00a0\u00bb header_3_text_color=\u00a0\u00bb#ffc47c\u00a0\u00bb header_3_font_size=\u00a0\u00bb18px\u00a0\u00bb header_3_line_height=\u00a0\u00bb1.8em\u00a0\u00bb header_2_font_size_tablet=\u00a0\u00bb\u00a0\u00bb header_2_font_size_phone=\u00a0\u00bb20px\u00a0\u00bb header_2_font_size_last_edited=\u00a0\u00bbon|phone\u00a0\u00bb header_3_font_size_tablet=\u00a0\u00bb\u00a0\u00bb header_3_font_size_phone=\u00a0\u00bb14px\u00a0\u00bb header_3_font_size_last_edited=\u00a0\u00bbon|phone\u00a0\u00bb locked=\u00a0\u00bboff\u00a0\u00bb global_colors_info=\u00a0\u00bb{}\u00a0\u00bb]<\/p>\n<h2>La radio et moi<\/h2>\n<h3><span style=\"color: #d67368;\">Mon partenariat avec RCF<\/span><\/h3>\n<p>Chaque vendredi, de 12h15 \u00e0 12h30, sur les ondes de la radio RCF 14-50, j&rsquo;interviens en tant que professionnelle et maman de 2 enfants.<\/p>\n<p>J&rsquo;accompagne Emmanuel GUITTON, th\u00e9rapeute sp\u00e9cialiste de l&rsquo;Enfant par le Jeu, pour aborder ensemble des th\u00e9matiques directement li\u00e9es aux enfants pour vous parents, grand-parents et accompagnants.<\/p>\n<p>[\/et_pb_text][\/et_pb_column][et_pb_column type=\u00a0\u00bb1_2&Prime; _builder_version=\u00a0\u00bb4.16&Prime; _module_preset=\u00a0\u00bbdefault\u00a0\u00bb custom_padding=\u00a0\u00bb|||\u00a0\u00bb global_colors_info=\u00a0\u00bb{}\u00a0\u00bb custom_padding__hover=\u00a0\u00bb|||\u00a0\u00bb][et_pb_image src=\u00a0\u00bbhttp:\/\/motamaux.net\/wp-content\/uploads\/2022\/05\/181610629_1373068036393484_1568662815799122377_n.jpg\u00a0\u00bb title_text=\u00a0\u00bb181610629_1373068036393484_1568662815799122377_n\u00a0\u00bb align=\u00a0\u00bbcenter\u00a0\u00bb align_tablet=\u00a0\u00bbcenter\u00a0\u00bb align_phone=\u00a0\u00bbcenter\u00a0\u00bb align_last_edited=\u00a0\u00bbon|desktop\u00a0\u00bb _builder_version=\u00a0\u00bb4.17.4&Prime; _module_preset=\u00a0\u00bbdefault\u00a0\u00bb background_image=\u00a0\u00bbhttp:\/\/motamaux.net\/wp-content\/uploads\/2022\/05\/nutritionist-02.png\u00a0\u00bb background_size=\u00a0\u00bbcontain\u00a0\u00bb animation_style=\u00a0\u00bbzoom\u00a0\u00bb animation_intensity_zoom=\u00a0\u00bb10%\u00a0\u00bb border_radii=\u00a0\u00bbon|1000px|1000px|1000px|1000px\u00a0\u00bb box_shadow_style=\u00a0\u00bbpreset1&Prime; box_shadow_vertical=\u00a0\u00bb10px\u00a0\u00bb box_shadow_blur=\u00a0\u00bb60px\u00a0\u00bb box_shadow_color=\u00a0\u00bbrgba(1,33,92,0.1)\u00a0\u00bb animation=\u00a0\u00bbtop\u00a0\u00bb global_colors_info=\u00a0\u00bb{}\u00a0\u00bb][\/et_pb_image][\/et_pb_column][\/et_pb_row][et_pb_row _builder_version=\u00a0\u00bb4.17.4&Prime; _module_preset=\u00a0\u00bbdefault\u00a0\u00bb global_colors_info=\u00a0\u00bb{}\u00a0\u00bb][et_pb_column type=\u00a0\u00bb4_4&Prime; _builder_version=\u00a0\u00bb4.17.4&Prime; _module_preset=\u00a0\u00bbdefault\u00a0\u00bb border_radii=\u00a0\u00bbon|11px|11px|11px|11px\u00a0\u00bb global_colors_info=\u00a0\u00bb{}\u00a0\u00bb][et_pb_audio audio=\u00a0\u00bbhttp:\/\/motamaux.net\/wp-content\/uploads\/2022\/05\/Lespace-de-lenfant-Lunivers-de-lenfant.mp3&Prime; title=\u00a0\u00bbL&rsquo;espace de l&rsquo;enfant\u00a0\u00bb album_name=\u00a0\u00bbL&rsquo;univers de l&rsquo;enfant\u00a0\u00bb _builder_version=\u00a0\u00bb4.17.4&Prime; _module_preset=\u00a0\u00bbdefault\u00a0\u00bb background_color=\u00a0\u00bbgcid-72051474-7b13-4ab1-a04b-8a014b6b3244&Prime; background_image=\u00a0\u00bbhttp:\/\/motamaux.net\/wp-content\/uploads\/2022\/05\/pexels-pixabay-220455-scaled.jpg\u00a0\u00bb background_blend=\u00a0\u00bbsoft-light\u00a0\u00bb border_radii=\u00a0\u00bbon|10px|10px|10px|10px\u00a0\u00bb box_shadow_style=\u00a0\u00bbpreset6&Prime; global_colors_info=\u00a0\u00bb{%22gcid-72051474-7b13-4ab1-a04b-8a014b6b3244%22:%91%22background_color%22%93}\u00a0\u00bb][\/et_pb_audio][\/et_pb_column][\/et_pb_row][et_pb_row column_structure=\u00a0\u00bb1_2,1_2&Prime; _builder_version=\u00a0\u00bb4.17.4&Prime; _module_preset=\u00a0\u00bbdefault\u00a0\u00bb global_colors_info=\u00a0\u00bb{}\u00a0\u00bb][et_pb_column type=\u00a0\u00bb1_2&Prime; _builder_version=\u00a0\u00bb4.17.4&Prime; _module_preset=\u00a0\u00bbdefault\u00a0\u00bb border_radii=\u00a0\u00bbon|11px|11px|11px|11px\u00a0\u00bb global_colors_info=\u00a0\u00bb{}\u00a0\u00bb][et_pb_audio audio=\u00a0\u00bbhttp:\/\/motamaux.net\/wp-content\/uploads\/2022\/05\/Les-emotions-Lunivers-de-lenfant.mp3&Prime; title=\u00a0\u00bbLes \u00e9motions &#8211; 1&Prime; album_name=\u00a0\u00bbL&rsquo;univers de l&rsquo;enfant\u00a0\u00bb _builder_version=\u00a0\u00bb4.17.4&Prime; _module_preset=\u00a0\u00bbdefault\u00a0\u00bb background_color=\u00a0\u00bbgcid-72051474-7b13-4ab1-a04b-8a014b6b3244&Prime; background_image=\u00a0\u00bbhttp:\/\/motamaux.net\/wp-content\/uploads\/2022\/05\/pexels-bess-hamiti-35537-scaled.jpg\u00a0\u00bb background_blend=\u00a0\u00bbsoft-light\u00a0\u00bb box_shadow_style=\u00a0\u00bbpreset6&Prime; global_colors_info=\u00a0\u00bb{%22gcid-72051474-7b13-4ab1-a04b-8a014b6b3244%22:%91%22background_color%22%93}\u00a0\u00bb image_url__hover_enabled=\u00a0\u00bbon|desktop\u00a0\u00bb][\/et_pb_audio][\/et_pb_column][et_pb_column type=\u00a0\u00bb1_2&Prime; _builder_version=\u00a0\u00bb4.17.4&Prime; _module_preset=\u00a0\u00bbdefault\u00a0\u00bb global_colors_info=\u00a0\u00bb{}\u00a0\u00bb][et_pb_audio audio=\u00a0\u00bbhttp:\/\/motamaux.net\/wp-content\/uploads\/2022\/05\/Les-emotions-suite-Lunivers-de-lenfant.mp3&Prime; title=\u00a0\u00bbLes \u00e9motions &#8211; 2&Prime; album_name=\u00a0\u00bbL&rsquo;univers de l&rsquo;enfant\u00a0\u00bb _builder_version=\u00a0\u00bb4.17.4&Prime; _module_preset=\u00a0\u00bbdefault\u00a0\u00bb background_color=\u00a0\u00bbgcid-72051474-7b13-4ab1-a04b-8a014b6b3244&Prime; background_image=\u00a0\u00bbhttp:\/\/motamaux.net\/wp-content\/uploads\/2022\/05\/pexels-bess-hamiti-35537-scaled.jpg\u00a0\u00bb background_blend=\u00a0\u00bbsoft-light\u00a0\u00bb border_radii=\u00a0\u00bbon|10px|10px|10px|10px\u00a0\u00bb box_shadow_style=\u00a0\u00bbpreset6&Prime; global_colors_info=\u00a0\u00bb{%22gcid-72051474-7b13-4ab1-a04b-8a014b6b3244%22:%91%22background_color%22%93}\u00a0\u00bb][\/et_pb_audio][\/et_pb_column][\/et_pb_row][et_pb_row column_structure=\u00a0\u00bb1_2,1_2&Prime; _builder_version=\u00a0\u00bb4.17.4&Prime; _module_preset=\u00a0\u00bbdefault\u00a0\u00bb global_colors_info=\u00a0\u00bb{}\u00a0\u00bb][et_pb_column type=\u00a0\u00bb1_2&Prime; _builder_version=\u00a0\u00bb4.17.4&Prime; _module_preset=\u00a0\u00bbdefault\u00a0\u00bb global_colors_info=\u00a0\u00bb{}\u00a0\u00bb][et_pb_audio audio=\u00a0\u00bbhttp:\/\/motamaux.net\/wp-content\/uploads\/2022\/05\/Le-jeu-chez-lenfant-Lunivers-de-lenfant.mp3&Prime; title=\u00a0\u00bbLe jeu chez l&rsquo;enfant &#8211; 1&Prime; album_name=\u00a0\u00bbL&rsquo;univers de l&rsquo;enfant\u00a0\u00bb _builder_version=\u00a0\u00bb4.17.4&Prime; _module_preset=\u00a0\u00bbdefault\u00a0\u00bb background_color=\u00a0\u00bbgcid-72051474-7b13-4ab1-a04b-8a014b6b3244&Prime; background_image=\u00a0\u00bbhttp:\/\/motamaux.net\/wp-content\/uploads\/2022\/05\/pexels-pixabay-207891-scaled.jpg\u00a0\u00bb background_blend=\u00a0\u00bbsoft-light\u00a0\u00bb border_radii=\u00a0\u00bbon|10px|10px|10px|10px\u00a0\u00bb box_shadow_style=\u00a0\u00bbpreset6&Prime; global_colors_info=\u00a0\u00bb{%22gcid-72051474-7b13-4ab1-a04b-8a014b6b3244%22:%91%22background_color%22%93}\u00a0\u00bb][\/et_pb_audio][\/et_pb_column][et_pb_column type=\u00a0\u00bb1_2&Prime; _builder_version=\u00a0\u00bb4.17.4&Prime; _module_preset=\u00a0\u00bbdefault\u00a0\u00bb global_colors_info=\u00a0\u00bb{}\u00a0\u00bb][et_pb_audio audio=\u00a0\u00bbhttp:\/\/motamaux.net\/wp-content\/uploads\/2022\/05\/Le-jeu-chez-lenfant-2-Lunivers-de-lenfant_2.mp3&Prime; title=\u00a0\u00bbLe jeu chez l&rsquo;enfant &#8211; 2&Prime; album_name=\u00a0\u00bbL&rsquo;univers de l&rsquo;enfant\u00a0\u00bb _builder_version=\u00a0\u00bb4.17.4&Prime; _module_preset=\u00a0\u00bbdefault\u00a0\u00bb background_color=\u00a0\u00bbgcid-72051474-7b13-4ab1-a04b-8a014b6b3244&Prime; background_image=\u00a0\u00bbhttp:\/\/motamaux.net\/wp-content\/uploads\/2022\/05\/pexels-pixabay-207891-scaled.jpg\u00a0\u00bb background_blend=\u00a0\u00bbsoft-light\u00a0\u00bb border_radii=\u00a0\u00bbon|10px|10px|10px|10px\u00a0\u00bb box_shadow_style=\u00a0\u00bbpreset6&Prime; global_colors_info=\u00a0\u00bb{%22gcid-72051474-7b13-4ab1-a04b-8a014b6b3244%22:%91%22background_color%22%93}\u00a0\u00bb][\/et_pb_audio][\/et_pb_column][\/et_pb_row][\/et_pb_section][et_pb_section fb_built=\u00a0\u00bb1&Prime; fullwidth=\u00a0\u00bbon\u00a0\u00bb _builder_version=\u00a0\u00bb4.17.4&Prime; _module_preset=\u00a0\u00bbdefault\u00a0\u00bb global_colors_info=\u00a0\u00bb{}\u00a0\u00bb][\/et_pb_section][et_pb_section fb_built=\u00a0\u00bb1&Prime; fullwidth=\u00a0\u00bbon\u00a0\u00bb _builder_version=\u00a0\u00bb4.17.4&Prime; _module_preset=\u00a0\u00bbdefault\u00a0\u00bb global_colors_info=\u00a0\u00bb{}\u00a0\u00bb][et_pb_fullwidth_slider _builder_version=\u00a0\u00bb4.17.4&Prime; _module_preset=\u00a0\u00bbdefault\u00a0\u00bb background_color=\u00a0\u00bb#4c4c4c\u00a0\u00bb background_image=\u00a0\u00bbhttp:\/\/motamaux.net\/wp-content\/uploads\/2022\/05\/pexels-matheus-bertelli-573298-scaled.jpg\u00a0\u00bb background_blend=\u00a0\u00bbsoft-light\u00a0\u00bb custom_padding=\u00a0\u00bb94px||57px|||\u00a0\u00bb hover_enabled=\u00a0\u00bb0&Prime; global_colors_info=\u00a0\u00bb{}\u00a0\u00bb sticky_enabled=\u00a0\u00bb0&Prime;][et_pb_slide heading=\u00a0\u00bbL&rsquo;univers de l&rsquo;enfant\u00a0\u00bb button_text=\u00a0\u00bbAller sur le site RCF\u00a0\u00bb button_link=\u00a0\u00bbhttps:\/\/rcf.fr\/psychologie\/lunivers-de-lenfant?episode=220583&Prime; url_new_window=\u00a0\u00bbon\u00a0\u00bb _builder_version=\u00a0\u00bb4.17.4&Prime; _module_preset=\u00a0\u00bbdefault\u00a0\u00bb hover_enabled=\u00a0\u00bb0&Prime; global_colors_info=\u00a0\u00bb{}\u00a0\u00bb sticky_transition=\u00a0\u00bbon\u00a0\u00bb sticky_enabled=\u00a0\u00bb0&Prime;]<\/p>\n<p>Dans cette \u00e9mission Emmanuel GUITTON th\u00e9rapeute sp\u00e9cialiste de l&rsquo;enfant nous emm\u00e8ne \u00e0 la d\u00e9couverte de l&rsquo;univers des enfants pour mieux les comprendre et les aider \u00e0 bien grandir.<\/p>\n<p>[\/et_pb_slide][\/et_pb_fullwidth_slider][\/et_pb_section][et_pb_section fb_built=\u00a0\u00bb1&Prime; admin_label=\u00a0\u00bbCall to Action\u00a0\u00bb _builder_version=\u00a0\u00bb4.16&Prime; _module_preset=\u00a0\u00bbdefault\u00a0\u00bb background_color=\u00a0\u00bb#f9f9f4&Prime; max_width=\u00a0\u00bb1220px\u00a0\u00bb module_alignment=\u00a0\u00bbcenter\u00a0\u00bb custom_margin=\u00a0\u00bb|||\u00a0\u00bb custom_padding=\u00a0\u00bb0|20px|0|20px|false|true\u00a0\u00bb animation_style=\u00a0\u00bbzoom\u00a0\u00bb animation_intensity_zoom=\u00a0\u00bb10%\u00a0\u00bb box_shadow_style=\u00a0\u00bbpreset7&Prime; box_shadow_horizontal=\u00a0\u00bb0px\u00a0\u00bb box_shadow_vertical=\u00a0\u00bb0px\u00a0\u00bb box_shadow_spread=\u00a0\u00bb50px\u00a0\u00bb box_shadow_color=\u00a0\u00bb#ffffff\u00a0\u00bb global_colors_info=\u00a0\u00bb{}\u00a0\u00bb][\/et_pb_section][et_pb_section fb_built=\u00a0\u00bb1&Prime; _builder_version=\u00a0\u00bb4.17.4&Prime; _module_preset=\u00a0\u00bbdefault\u00a0\u00bb bottom_divider_style=\u00a0\u00bbwave\u00a0\u00bb bottom_divider_color=\u00a0\u00bbgcid-72051474-7b13-4ab1-a04b-8a014b6b3244&Prime; bottom_divider_height=\u00a0\u00bb58px\u00a0\u00bb bottom_divider_repeat=\u00a0\u00bb1x\u00a0\u00bb locked=\u00a0\u00bboff\u00a0\u00bb global_colors_info=\u00a0\u00bb{%22gcid-72051474-7b13-4ab1-a04b-8a014b6b3244%22:%91%22bottom_divider_color%22%93}\u00a0\u00bb][et_pb_row _builder_version=\u00a0\u00bb4.17.4&Prime; _module_preset=\u00a0\u00bbdefault\u00a0\u00bb global_colors_info=\u00a0\u00bb{}\u00a0\u00bb][et_pb_column type=\u00a0\u00bb4_4&Prime; _builder_version=\u00a0\u00bb4.17.4&Prime; _module_preset=\u00a0\u00bbdefault\u00a0\u00bb global_colors_info=\u00a0\u00bb{}\u00a0\u00bb][\/et_pb_column][\/et_pb_row][\/et_pb_section]<\/p>\n","protected":false},"excerpt":{"rendered":"<p>La radio et moi Mon partenariat avec RCF Chaque vendredi, de 12h15 \u00e0 12h30, sur les ondes de la radio RCF 14-50, j&rsquo;interviens en tant que professionnelle et maman de 2 enfants. J&rsquo;accompagne Emmanuel GUITTON, th\u00e9rapeute sp\u00e9cialiste de l&rsquo;Enfant par le Jeu, pour aborder ensemble des th\u00e9matiques directement li\u00e9es aux enfants pour vous parents, grand-parents [&hellip;]<\/p>\n","protected":false},"author":1,"featured_media":0,"parent":0,"menu_order":0,"comment_status":"closed","ping_status":"closed","template":"","meta":{"_et_pb_use_builder":"on","_et_pb_old_content":"","_et_gb_content_width":"","_monsterinsights_skip_tracking":false,"_monsterinsights_sitenote_active":false,"_monsterinsights_sitenote_note":"","_monsterinsights_sitenote_category":0,"footnotes":""},"_links":{"self":[{"href":"https:\/\/motamaux.net\/index.php\/wp-json\/wp\/v2\/pages\/237401"}],"collection":[{"href":"https:\/\/motamaux.net\/index.php\/wp-json\/wp\/v2\/pages"}],"about":[{"href":"https:\/\/motamaux.net\/index.php\/wp-json\/wp\/v2\/types\/page"}],"author":[{"embeddable":true,"href":"https:\/\/motamaux.net\/index.php\/wp-json\/wp\/v2\/users\/1"}],"replies":[{"embeddable":true,"href":"https:\/\/motamaux.net\/index.php\/wp-json\/wp\/v2\/comments?post=237401"}],"version-history":[{"count":5,"href":"https:\/\/motamaux.net\/index.php\/wp-json\/wp\/v2\/pages\/237401\/revisions"}],"predecessor-version":[{"id":237407,"href":"https:\/\/motamaux.net\/index.php\/wp-json\/wp\/v2\/pages\/237401\/revisions\/237407"}],"wp:attachment":[{"href":"https:\/\/motamaux.net\/index.php\/wp-json\/wp\/v2\/media?parent=237401"}],"curies":[{"name":"wp","href":"https:\/\/api.w.org\/{rel}","templated":true}]}}